{"id":1239,"date":"2019-07-30T18:33:24","date_gmt":"2019-07-30T18:33:24","guid":{"rendered":"https:\/\/mcnv.orgvi-what-you-can-do-donate\/"},"modified":"2019-11-07T19:06:38","modified_gmt":"2019-11-07T19:06:38","slug":"what-you-can-do-donate","status":"publish","type":"page","link":"https:\/\/mcnv.org\/vi\/vi-what-you-can-do\/what-you-can-do-donate\/","title":{"rendered":"\u0110\u00f3ng g\u00f3p"},"content":{"rendered":"<p><iframe src=\"https:\/\/www.geef.nl\/donatiemodule\/taal:en\/doel:mcnv\/land:NL\/mobile:false\" width=\"100%\" height=\"850\" frameborder=\"0\" marginwidth=\"0\" marginheight=\"0\"><\/iframe><\/p>\n","protected":false},"excerpt":{"rendered":"","protected":false},"author":15,"featured_media":1109404,"parent":1251,"menu_order":26,"comment_status":"closed","ping_status":"closed","template":"","meta":{"_acf_changed":false,"inline_featured_image":false,"footnotes":""},"class_list":["post-1239","page","type-page","status-publish","has-post-thumbnail","hentry"],"acf":[],"_links":{"self":[{"href":"https:\/\/mcnv.org\/vi\/wp-json\/wp\/v2\/pages\/1239","targetHints":{"allow":["GET"]}}],"collection":[{"href":"https:\/\/mcnv.org\/vi\/wp-json\/wp\/v2\/pages"}],"about":[{"href":"https:\/\/mcnv.org\/vi\/wp-json\/wp\/v2\/types\/page"}],"author":[{"embeddable":true,"href":"https:\/\/mcnv.org\/vi\/wp-json\/wp\/v2\/users\/15"}],"replies":[{"embeddable":true,"href":"https:\/\/mcnv.org\/vi\/wp-json\/wp\/v2\/comments?post=1239"}],"version-history":[{"count":2,"href":"https:\/\/mcnv.org\/vi\/wp-json\/wp\/v2\/pages\/1239\/revisions"}],"predecessor-version":[{"id":1109779,"href":"https:\/\/mcnv.org\/vi\/wp-json\/wp\/v2\/pages\/1239\/revisions\/1109779"}],"up":[{"embeddable":true,"href":"https:\/\/mcnv.org\/vi\/wp-json\/wp\/v2\/pages\/1251"}],"wp:featuredmedia":[{"embeddable":true,"href":"https:\/\/mcnv.org\/vi\/wp-json\/wp\/v2\/media\/1109404"}],"wp:attachment":[{"href":"https:\/\/mcnv.org\/vi\/wp-json\/wp\/v2\/media?parent=1239"}],"curies":[{"name":"wp","href":"https:\/\/api.w.org\/{rel}","templated":true}]}}