{"id":1241,"date":"2019-07-30T18:33:24","date_gmt":"2019-07-30T18:33:24","guid":{"rendered":"https:\/\/mcnv.orgvi-what-you-can-do-become-a-corporate-donor\/"},"modified":"2019-11-07T19:22:06","modified_gmt":"2019-11-07T19:22:06","slug":"what-you-can-do-become-a-corporate-donor","status":"publish","type":"page","link":"https:\/\/mcnv.org\/vi\/vi-what-you-can-do\/what-you-can-do-become-a-corporate-donor\/","title":{"rendered":"Tr\u1edf th\u00e0nh doanh nghi\u1ec7p t\u00e0i tr\u1ee3"},"content":{"rendered":"<div class=\"wpb-content-wrapper\"><p>[vc_row css=&#8221;.vc_custom_1494519395738{padding-top: 16px !important;padding-right: 16px !important;padding-bottom: 16px !important;padding-left: 16px !important;background-color: #ffffff !important;}&#8221;][vc_column][vc_column_text]\u0110\u1ec3 ph\u00e1t tri\u1ec3n nh\u1eefng d\u1ef1 \u00e1n c\u00f3 nhi\u1ec1u \u00fd ngh\u0129a v\u1edbi ng\u01b0\u1eddi d\u00e2n thi\u1ec7t th\u00f2i \u1edf Vi\u1ec7t Nam v\u00e0 L\u00e0o, MCNV lu\u00f4n t\u00ecm ki\u1ebfm s\u1ef1 h\u1ee3p t\u00e1c v\u00e0 \u0111\u1ed3ng h\u00e0nh c\u1ee7a nh\u1eefng doanh nghi\u1ec7p c\u00f3 thi\u1ec7n ch\u00ed. L\u00e0 m\u1ed9t t\u1ed5 ch\u1ee9c phi ch\u00ednh ph\u1ee7 qu\u1ed1c t\u1ebf v\u1edbi kinh nghi\u1ec7m th\u1ef1c hi\u1ec7n c\u00e1c ch\u01b0\u01a1ng tr\u00ecnh ph\u00e1t tri\u1ec3n trong 5 th\u1eadp k\u1ef7 v\u1eeba qua \u1edf khu v\u1ef1c, MCNV s\u1ebd l\u00e0 m\u1ed9t \u0111\u1ed1i t\u00e1c tin c\u1eady \u0111\u1ec3 c\u00e1c doanh nghi\u1ec7p h\u1ee3p t\u00e1c trong c\u00e1c ch\u01b0\u01a1ng tr\u00ecnh trach nhi\u1ec7m x\u00e3 h\u1ed9i (CSR) c\u1ee7a m\u00ecnh. Ch\u00fang t\u00f4i n\u1eafm v\u1eefng k\u1ef9 thu\u1eadt, am hi\u1ec3u c\u1ed9ng \u0111\u1ed3ng v\u00e0 c\u00f3 m\u1ed1i quan h\u1ec7 s\u00e2u r\u1ed9ng v\u1edbi c\u00e1c c\u01a1 quan, ban ng\u00e0nh t\u1eeb trung \u01b0\u01a1ng \u0111\u1ebfn \u0111\u1ecba ph\u01b0\u01a1ng. Th\u00f4ng qua s\u1ef1 h\u1ee3p t\u00e1c v\u1edbi MCNV, c\u00e1c nh\u00e2n vi\u00ean v\u00e0 kh\u00e1ch h\u00e0ng c\u1ee7a doanh nghi\u1ec7p b\u1ea1n s\u1ebd c\u1ea3m th\u1ea5y g\u1ea7n g\u0169i v\u1edbi nh\u1eefng ng\u01b0\u1eddi thi\u1ec7t th\u00f2i b\u1eb1ng s\u1ef1 s\u1ebb chia v\u00e0 \u0111\u1ed3ng c\u1ea3m, v\u00e0 qua \u0111\u00f3 gi\u00e1 tr\u1ecb c\u1ee7a doanh nghi\u1ec7p s\u1ebd \u0111\u01b0\u1ee3c n\u00e2ng cao h\u01a1n.<\/p>\n<p>R\u1ea5t nhi\u1ec1u doanh nghi\u1ec7p \u0111\u00e3 l\u1ef1a ch\u1ecdn \u0111\u1ed3ng h\u00e0nh c\u00f9ng ch\u00fang t\u00f4i trong c\u00e1c ch\u01b0\u01a1ng tr\u00ecnh CSR c\u1ee7a h\u1ecd, trong \u0111\u00f3 c\u00f3 PWC, Campina Friesland, Vingroup, UPS, ASR, H\u1ed9i doanh nghi\u1ec7p H\u00e0 Lan t\u1ea1i Vi\u1ec7t Nam&#8230;<\/p>\n<p>C\u00e1c doanh nghi\u1ec7p c\u00f3 th\u1ec3 l\u1ef1a ch\u1ecdn h\u1ed7 tr\u1ee3 c\u00e1c ch\u01b0\u01a1ng tr\u00ecnh s\u1eb5n c\u00f3 c\u1ee7a MCNV m\u00e0 c\u00e1c b\u1ea1n nh\u1eadn th\u1ea5y ph\u00f9 h\u1ee3p v\u1edbi s\u1ee9 m\u1ec7nh, ti\u00eau ch\u00ed v\u00e0 ngu\u1ed3n t\u00e0i ch\u00ednh c\u1ee7a m\u00ecnh. Ch\u00fang t\u00f4i lu\u00f4n ch\u00e0o \u0111\u00f3n c\u00e1c ch\u01b0\u01a1ng tr\u00ecnh d\u00e0i h\u1ea1n t\u1eeb 3 \u0111\u1ebfn 5 n\u0103m nh\u01b0ng c\u0169ng linh ho\u1ea1t v\u1edbi c\u00e1c ho\u1ea1t \u0111\u1ed9ng ng\u1eafn h\u1ea1n h\u01a1n.<\/p>\n<p>Doanh nghi\u1ec7p c\u0169ng c\u00f3 th\u1ec3 l\u00e0m vi\u1ec7c v\u1edbi ch\u00fang t\u00f4i \u0111\u1ec3 x\u00e2y d\u1ef1ng n\u00ean nh\u1eefng d\u1ef1 \u00e1n c\u00f3 s\u1eed d\u1ee5ng ngu\u1ed3n l\u1ef1c, con ng\u01b0\u1eddi v\u00e0 chuy\u00ean m\u00f4n c\u1ee7a c\u00e1c b\u1ea1n \u0111\u1ec3 ph\u00e1t tri\u1ec3n, c\u1ea3i thi\u1ec7n nh\u1eefng ch\u01b0\u01a1ng tr\u00ecnh hi\u1ec7n c\u00f3 c\u1ee7a c\u0169ng t\u00f4i v\u1edbi c\u00e1c s\u1ea3n ph\u1ea9m c\u1ee7a c\u00e1c b\u1ea1n.<\/p>\n<p>MCNV lu\u00f4n mong \u0111\u1ee3i \u0111\u01b0\u1ee3c ch\u00e0o \u0111\u00f3n nhi\u1ec1u s\u1ef1 h\u1ee3p t\u00e1c h\u01a1n n\u1eefa t\u1eeb c\u00e1c doanh nghi\u1ec7p \u0111\u1ec3 ph\u00e1t tri\u1ec3n b\u1ec1n v\u1eefng tr\u1edf th\u00e0nh m\u1ed9t m\u1ee5c ti\u00eau chung c\u1ee7a m\u1ecdi t\u1ea7ng l\u1edbp x\u00e3 h\u1ed9i v\u00e0 \u0111\u1ec3 kh\u00f4ng c\u00f2n ai b\u1ecb t\u1ee5t h\u1eadu trong qu\u00e1 tr\u00ecnh ph\u00e1t tri\u1ec3n.[\/vc_column_text][\/vc_column][\/vc_row]<\/p>\n<\/div>","protected":false},"excerpt":{"rendered":"<p>[vc_row css=&#8221;.vc_custom_1494519395738{padding-top: 16px !important;padding-right: 16px !important;padding-bottom: 16px !important;padding-left: 16px !important;background-color: #ffffff !important;}&#8221;][vc_column][vc_column_text]\u0110\u1ec3 ph\u00e1t tri\u1ec3n nh\u1eefng d\u1ef1 \u00e1n c\u00f3 nhi\u1ec1u \u00fd ngh\u0129a v\u1edbi ng\u01b0\u1eddi d\u00e2n thi\u1ec7t th\u00f2i \u1edf Vi\u1ec7t Nam v\u00e0 L\u00e0o, MCNV lu\u00f4n t\u00ecm ki\u1ebfm s\u1ef1 h\u1ee3p t\u00e1c v\u00e0 \u0111\u1ed3ng h\u00e0nh c\u1ee7a nh\u1eefng doanh nghi\u1ec7p c\u00f3 thi\u1ec7n ch\u00ed. L\u00e0 m\u1ed9t t\u1ed5 ch\u1ee9c phi ch\u00ednh ph\u1ee7 qu\u1ed1c t\u1ebf v\u1edbi kinh nghi\u1ec7m th\u1ef1c hi\u1ec7n c\u00e1c ch\u01b0\u01a1ng tr\u00ecnh ph\u00e1t tri\u1ec3n trong 5 th\u1eadp k\u1ef7 v\u1eeba qua \u1edf khu v\u1ef1c, MCNV s\u1ebd l\u00e0 m\u1ed9t \u0111\u1ed1i t\u00e1c tin c\u1eady \u0111\u1ec3 c\u00e1c doanh nghi\u1ec7p h\u1ee3p t\u00e1c trong c\u00e1c ch\u01b0\u01a1ng tr\u00ecnh trach nhi\u1ec7m x\u00e3 h\u1ed9i (CSR) c\u1ee7a m\u00ecnh. Ch\u00fang t\u00f4i n\u1eafm v\u1eefng k\u1ef9 thu\u1eadt, am hi\u1ec3u c\u1ed9ng \u0111\u1ed3ng v\u00e0 c\u00f3 m\u1ed1i quan h\u1ec7 s\u00e2u r\u1ed9ng v\u1edbi c\u00e1c c\u01a1 quan, ban ng\u00e0nh t\u1eeb trung \u01b0\u01a1ng \u0111\u1ebfn \u0111\u1ecba ph\u01b0\u01a1ng. Th\u00f4ng qua s\u1ef1 h\u1ee3p t\u00e1c v\u1edbi MCNV, c\u00e1c nh\u00e2n vi\u00ean v\u00e0 kh\u00e1ch h\u00e0ng c\u1ee7a doanh nghi\u1ec7p b\u1ea1n s\u1ebd c\u1ea3m th\u1ea5y g\u1ea7n g\u0169i v\u1edbi nh\u1eefng ng\u01b0\u1eddi thi\u1ec7t th\u00f2i b\u1eb1ng s\u1ef1 s\u1ebb chia v\u00e0 \u0111\u1ed3ng c\u1ea3m, v\u00e0 qua \u0111\u00f3 gi\u00e1 tr\u1ecb c\u1ee7a doanh nghi\u1ec7p s\u1ebd \u0111\u01b0\u1ee3c n\u00e2ng cao h\u01a1n. R\u1ea5t nhi\u1ec1u doanh nghi\u1ec7p \u0111\u00e3 l\u1ef1a ch\u1ecdn \u0111\u1ed3ng h\u00e0nh c\u00f9ng ch\u00fang t\u00f4i trong c\u00e1c ch\u01b0\u01a1ng tr\u00ecnh CSR c\u1ee7a h\u1ecd, trong \u0111\u00f3 c\u00f3 PWC, Campina Friesland, Vingroup, UPS, ASR, H\u1ed9i doanh nghi\u1ec7p H\u00e0 Lan t\u1ea1i Vi\u1ec7t Nam&#8230; C\u00e1c doanh nghi\u1ec7p c\u00f3 th\u1ec3 l\u1ef1a ch\u1ecdn h\u1ed7 tr\u1ee3 c\u00e1c ch\u01b0\u01a1ng tr\u00ecnh s\u1eb5n c\u00f3 c\u1ee7a MCNV m\u00e0 c\u00e1c b\u1ea1n nh\u1eadn th\u1ea5y ph\u00f9 h\u1ee3p v\u1edbi s\u1ee9 m\u1ec7nh, ti\u00eau ch\u00ed v\u00e0 ngu\u1ed3n t\u00e0i ch\u00ednh c\u1ee7a m\u00ecnh. Ch\u00fang t\u00f4i lu\u00f4n ch\u00e0o \u0111\u00f3n c\u00e1c ch\u01b0\u01a1ng tr\u00ecnh d\u00e0i h\u1ea1n t\u1eeb 3 \u0111\u1ebfn 5 n\u0103m nh\u01b0ng c\u0169ng linh ho\u1ea1t v\u1edbi c\u00e1c ho\u1ea1t \u0111\u1ed9ng ng\u1eafn h\u1ea1n h\u01a1n. Doanh nghi\u1ec7p c\u0169ng c\u00f3 th\u1ec3 l\u00e0m vi\u1ec7c v\u1edbi ch\u00fang t\u00f4i \u0111\u1ec3 x\u00e2y d\u1ef1ng n\u00ean nh\u1eefng d\u1ef1 \u00e1n c\u00f3 s\u1eed d\u1ee5ng ngu\u1ed3n l\u1ef1c, con ng\u01b0\u1eddi v\u00e0 chuy\u00ean m\u00f4n c\u1ee7a c\u00e1c b\u1ea1n \u0111\u1ec3 ph\u00e1t tri\u1ec3n, c\u1ea3i thi\u1ec7n nh\u1eefng ch\u01b0\u01a1ng tr\u00ecnh hi\u1ec7n c\u00f3 c\u1ee7a c\u0169ng t\u00f4i v\u1edbi c\u00e1c s\u1ea3n ph\u1ea9m c\u1ee7a c\u00e1c b\u1ea1n. MCNV lu\u00f4n mong \u0111\u1ee3i \u0111\u01b0\u1ee3c ch\u00e0o \u0111\u00f3n nhi\u1ec1u s\u1ef1 h\u1ee3p t\u00e1c h\u01a1n n\u1eefa t\u1eeb c\u00e1c doanh nghi\u1ec7p \u0111\u1ec3 ph\u00e1t tri\u1ec3n b\u1ec1n v\u1eefng tr\u1edf th\u00e0nh m\u1ed9t m\u1ee5c ti\u00eau chung c\u1ee7a m\u1ecdi t\u1ea7ng l\u1edbp x\u00e3 h\u1ed9i v\u00e0 \u0111\u1ec3 kh\u00f4ng c\u00f2n ai b\u1ecb t\u1ee5t h\u1eadu trong qu\u00e1 tr\u00ecnh ph\u00e1t tri\u1ec3n.[\/vc_column_text][\/vc_column][\/vc_row]<\/p>\n","protected":false},"author":15,"featured_media":1109407,"parent":1251,"menu_order":110,"comment_status":"closed","ping_status":"closed","template":"","meta":{"_acf_changed":false,"inline_featured_image":false,"footnotes":""},"class_list":["post-1241","page","type-page","status-publish","has-post-thumbnail","hentry"],"acf":[],"_links":{"self":[{"href":"https:\/\/mcnv.org\/vi\/wp-json\/wp\/v2\/pages\/1241","targetHints":{"allow":["GET"]}}],"collection":[{"href":"https:\/\/mcnv.org\/vi\/wp-json\/wp\/v2\/pages"}],"about":[{"href":"https:\/\/mcnv.org\/vi\/wp-json\/wp\/v2\/types\/page"}],"author":[{"embeddable":true,"href":"https:\/\/mcnv.org\/vi\/wp-json\/wp\/v2\/users\/15"}],"replies":[{"embeddable":true,"href":"https:\/\/mcnv.org\/vi\/wp-json\/wp\/v2\/comments?post=1241"}],"version-history":[{"count":1,"href":"https:\/\/mcnv.org\/vi\/wp-json\/wp\/v2\/pages\/1241\/revisions"}],"predecessor-version":[{"id":1109719,"href":"https:\/\/mcnv.org\/vi\/wp-json\/wp\/v2\/pages\/1241\/revisions\/1109719"}],"up":[{"embeddable":true,"href":"https:\/\/mcnv.org\/vi\/wp-json\/wp\/v2\/pages\/1251"}],"wp:featuredmedia":[{"embeddable":true,"href":"https:\/\/mcnv.org\/vi\/wp-json\/wp\/v2\/media\/1109407"}],"wp:attachment":[{"href":"https:\/\/mcnv.org\/vi\/wp-json\/wp\/v2\/media?parent=1241"}],"curies":[{"name":"wp","href":"https:\/\/api.w.org\/{rel}","templated":true}]}}