{"id":1242,"date":"2019-07-30T18:33:24","date_gmt":"2019-07-30T18:33:24","guid":{"rendered":"https:\/\/mcnv.orgvi-what-you-can-do-become-a-private-donor\/"},"modified":"2019-11-07T19:19:07","modified_gmt":"2019-11-07T19:19:07","slug":"what-you-can-do-become-a-private-donor","status":"publish","type":"page","link":"https:\/\/mcnv.org\/vi\/vi-what-you-can-do\/what-you-can-do-become-a-private-donor\/","title":{"rendered":"Tr\u1edf th\u00e0nh nh\u00e0 t\u00e0i tr\u1ee3 c\u00e1 nh\u00e2n"},"content":{"rendered":"<div class=\"wpb-content-wrapper\"><p>[vc_row equal_height=&#8221;yes&#8221;][vc_column width=&#8221;1\/6&#8243;][\/vc_column][vc_column width=&#8221;2\/3&#8243;][vc_column_text css=&#8221;.vc_custom_1494519320168{padding-top: 16px !important;}&#8221;]Nh\u1edd s\u1ef1 \u0111\u00f3ng g\u00f3p c\u1ee7a nh\u1eefng nh\u00e0 t\u00e0i tr\u1ee3 c\u00e1 nh\u00e2n, qu\u1ef9 gia \u0111\u00ecnh v\u00e0 c\u00e1c t\u1ed5 ch\u1ee9c nh\u01b0 B\u1ed9 ph\u00e1t tri\u1ec3n H\u00e0 Lan, C\u1ed9ng \u0111\u1ed3ng Ch\u00e2u \u00c2u v\u00e0 c\u00e1c nh\u00e0 t\u00e0i tr\u1ee3 qu\u1ed1c t\u1ebf, MCNV c\u00f3 th\u1ec3 ti\u1ebfp t\u1ee5c tri\u1ec3n khai c\u00e1c d\u1ef1 \u00e1n c\u00f3 \u00fd ngh\u0129a c\u1ee7a m\u00ecnh. Nh\u1eefng n\u0103m g\u1ea7n \u0111\u00e2y ch\u00fang t\u00f4i vui m\u1eebng khi nh\u00ecn th\u1ea5y t\u00ecnh h\u00ecnh s\u1ee9c kho\u1ebb v\u00e0 \u0111\u1eddi s\u1ed1ng c\u1ee7a ng\u01b0\u1eddi d\u00e2n \u1edf Vi\u1ec7t Nam v\u00e0 L\u00e0o \u0111\u00e3 c\u00f3 nhi\u1ec1u c\u1ea3i thi\u1ec7n nh\u01b0ng th\u1ef1c s\u1ef1 v\u1eabn c\u00f2n r\u1ea5t nhi\u1ec1u c\u00f4ng vi\u1ec7c ph\u1ea3i l\u00e0m v\u00e0 v\u00ec th\u1ebf s\u1ee9 m\u1ec7nh c\u1ee7a ch\u00fang t\u00f4i v\u1eabn c\u1ea7n \u0111\u01b0\u1ee3c ti\u1ebfp t\u1ee5c.<\/p>\n<p>Trong nh\u1eefng n\u0103m t\u1edbi \u0111\u00e2y, MCNV s\u1ebd n\u1ed7 l\u1ef1c h\u1ed7 tr\u1ee3 \u0111\u1ec3 c\u1ea3i thi\u1ec7n nhi\u1ec1u v\u1ea5n \u0111\u1ec1 m\u00e0 ng\u01b0\u1eddi d\u00e2n Vi\u1ec7t Nam v\u00e0 L\u00e0o \u0111ang ph\u1ea3i \u0111\u1ed1i m\u1eb7t b\u1ea5t k\u1ec3 v\u1ea5n \u0111\u1ec1 \u0111\u00f3 l\u00e0 do nhi\u1ec1u n\u0103m b\u1ecb chi\u1ebfn tranh t\u00e0n ph\u00e1 v\u00e0 c\u00f4 l\u1eadp hay do th\u1ea3m ho\u1ea1 thi\u00ean nhi\u00ean nh\u01b0 b\u00e3o l\u1ee5t, h\u1ea1n h\u00e1n.<\/p>\n<p>C\u00e1c ch\u01b0\u01a1ng tr\u00ecnh c\u1ee7a MCNV t\u1eadp trung c\u1ea3i thi\u1ec7n \u0111\u1eddi s\u1ed1ng v\u00e0 s\u1ee9c kho\u1ebb c\u1ee7a nh\u1eefng nh\u00f3m ch\u1ecbu nhi\u1ec1u thi\u1ec7t th\u00f2i v\u00e0 kh\u00f4ng \u0111\u01b0\u1ee3c h\u01b0\u1edfng l\u1ee3i trong qu\u00e1 tr\u00ecnh ph\u00e1t tri\u1ec3n kinh t\u1ebf x\u00e3 h\u1ed9i nh\u01b0 ng\u01b0\u1eddi ngh\u00e8o, ph\u1ee5 n\u1eef, ng\u01b0\u1eddi khuy\u1ebft t\u1eadt, ng\u01b0\u1eddi d\u00e2n t\u1ed9c thi\u1ec3u s\u1ed1. Ch\u00fang t\u00f4i lu\u00f4n mong mu\u1ed1n ti\u1ebfp t\u1ee5c s\u1ee9 m\u1ec7nh c\u1ee7a m\u00ecnh c\u00f9ng s\u1ef1 \u0111\u1ed3ng h\u00e0nh c\u1ee7a c\u00e1c nh\u00e0 t\u00e0i tr\u1ee3.<\/p>\n<p>Nh\u1eefng \u0111\u00f3ng g\u00f3p c\u1ee7a c\u00e1c nh\u00e0 t\u00e0i tr\u1ee3 c\u00e1 nh\u00e2n v\u00e0 qu\u1ef9 gia \u0111\u00ecnh \u0111\u00f3ng vai tr\u00f2 l\u00e0 h\u1ea1t nh\u00e2n c\u1ee7a t\u1ed5 ch\u1ee9c. Ngay c\u1ea3 khi ch\u00fang t\u00f4i \u0111\u01b0\u1ee3c c\u1ea5p c\u00e1c ngu\u1ed3n vi\u1ec7n tr\u1ee3 t\u1eeb c\u00e1c t\u1ed5 ch\u1ee9c ch\u00ednh ph\u1ee7 th\u00ec ch\u00fang t\u00f4i v\u1eabn c\u1ea7n ph\u1ea3i c\u00f3 m\u1ed9t s\u1ed1 v\u1ed1n \u0111\u1ed1i \u1ee9ng nh\u1ea5t \u0111\u1ecbnh. V\u1edbi s\u1ef1 \u0111\u00f3ng g\u00f3p t\u00e0i ch\u00ednh v\u00e0 s\u1ef1 tin t\u01b0\u1edfng c\u1ee7a c\u00e1c nh\u00e0 t\u00e0i tr\u1ee3 c\u00e1 nh\u00e2n, ch\u00fang t\u00f4i c\u00f3 th\u1ec3 ti\u1ebfp t\u1ee5c s\u1ef1 nghi\u1ec7p c\u1ee7a m\u00ecnh trong vi\u1ec7c t\u1ea1o ra nh\u1eefng thay \u0111\u1ed5i t\u00edch c\u1ef1c cho \u0111\u1eddi s\u1ed1ng c\u1ee7a nh\u1eefng ng\u01b0\u1eddi d\u00e2n thi\u1ec7t th\u00f2i.<\/p>\n<p><iframe style=\"width: 100%; border: none;\" src=\"\/\/docs.google.com\/forms\/d\/e\/1FAIpQLSdGstFJgjh64LcvqxyUQTJ5r_y4bre6LIPong3wNOmBdDAoOg\/viewform?embedded=true#start=embed\" width=\"300\" height=\"850\"><\/iframe>[\/vc_column_text][\/vc_column][vc_column width=&#8221;1\/6&#8243;][\/vc_column][\/vc_row]<\/p>\n<\/div>","protected":false},"excerpt":{"rendered":"<p>[vc_row equal_height=&#8221;yes&#8221;][vc_column width=&#8221;1\/6&#8243;][\/vc_column][vc_column width=&#8221;2\/3&#8243;][vc_column_text css=&#8221;.vc_custom_1494519320168{padding-top: 16px !important;}&#8221;]Nh\u1edd s\u1ef1 \u0111\u00f3ng g\u00f3p c\u1ee7a nh\u1eefng nh\u00e0 t\u00e0i tr\u1ee3 c\u00e1 nh\u00e2n, qu\u1ef9 gia \u0111\u00ecnh v\u00e0 c\u00e1c t\u1ed5 ch\u1ee9c nh\u01b0 B\u1ed9 ph\u00e1t tri\u1ec3n H\u00e0 Lan, C\u1ed9ng \u0111\u1ed3ng Ch\u00e2u \u00c2u v\u00e0 c\u00e1c nh\u00e0 t\u00e0i tr\u1ee3 qu\u1ed1c t\u1ebf, MCNV c\u00f3 th\u1ec3 ti\u1ebfp t\u1ee5c tri\u1ec3n khai c\u00e1c d\u1ef1 \u00e1n c\u00f3 \u00fd ngh\u0129a c\u1ee7a m\u00ecnh. Nh\u1eefng n\u0103m g\u1ea7n \u0111\u00e2y ch\u00fang t\u00f4i vui m\u1eebng khi nh\u00ecn th\u1ea5y t\u00ecnh h\u00ecnh s\u1ee9c kho\u1ebb v\u00e0 \u0111\u1eddi s\u1ed1ng c\u1ee7a ng\u01b0\u1eddi d\u00e2n \u1edf Vi\u1ec7t Nam v\u00e0 L\u00e0o \u0111\u00e3 c\u00f3 nhi\u1ec1u c\u1ea3i thi\u1ec7n nh\u01b0ng th\u1ef1c s\u1ef1 v\u1eabn c\u00f2n r\u1ea5t nhi\u1ec1u c\u00f4ng vi\u1ec7c ph\u1ea3i l\u00e0m v\u00e0 v\u00ec th\u1ebf s\u1ee9 m\u1ec7nh c\u1ee7a ch\u00fang t\u00f4i v\u1eabn c\u1ea7n \u0111\u01b0\u1ee3c ti\u1ebfp t\u1ee5c. Trong nh\u1eefng n\u0103m t\u1edbi \u0111\u00e2y, MCNV s\u1ebd n\u1ed7 l\u1ef1c h\u1ed7 tr\u1ee3 \u0111\u1ec3 c\u1ea3i thi\u1ec7n nhi\u1ec1u v\u1ea5n \u0111\u1ec1 m\u00e0 ng\u01b0\u1eddi d\u00e2n Vi\u1ec7t Nam v\u00e0 L\u00e0o \u0111ang ph\u1ea3i \u0111\u1ed1i m\u1eb7t b\u1ea5t k\u1ec3 v\u1ea5n \u0111\u1ec1 \u0111\u00f3 l\u00e0 do nhi\u1ec1u n\u0103m b\u1ecb chi\u1ebfn tranh t\u00e0n ph\u00e1 v\u00e0 c\u00f4 l\u1eadp hay do th\u1ea3m ho\u1ea1 thi\u00ean nhi\u00ean nh\u01b0 b\u00e3o l\u1ee5t, h\u1ea1n h\u00e1n. C\u00e1c ch\u01b0\u01a1ng tr\u00ecnh c\u1ee7a MCNV t\u1eadp trung c\u1ea3i thi\u1ec7n \u0111\u1eddi s\u1ed1ng v\u00e0 s\u1ee9c kho\u1ebb c\u1ee7a nh\u1eefng nh\u00f3m ch\u1ecbu nhi\u1ec1u thi\u1ec7t th\u00f2i v\u00e0 kh\u00f4ng \u0111\u01b0\u1ee3c h\u01b0\u1edfng l\u1ee3i trong qu\u00e1 tr\u00ecnh ph\u00e1t tri\u1ec3n kinh t\u1ebf x\u00e3 h\u1ed9i nh\u01b0 ng\u01b0\u1eddi ngh\u00e8o, ph\u1ee5 n\u1eef, ng\u01b0\u1eddi khuy\u1ebft t\u1eadt, ng\u01b0\u1eddi d\u00e2n t\u1ed9c thi\u1ec3u s\u1ed1. Ch\u00fang t\u00f4i lu\u00f4n mong mu\u1ed1n ti\u1ebfp t\u1ee5c s\u1ee9 m\u1ec7nh c\u1ee7a m\u00ecnh c\u00f9ng s\u1ef1 \u0111\u1ed3ng h\u00e0nh c\u1ee7a c\u00e1c nh\u00e0 t\u00e0i tr\u1ee3. Nh\u1eefng \u0111\u00f3ng g\u00f3p c\u1ee7a c\u00e1c nh\u00e0 t\u00e0i tr\u1ee3 c\u00e1 nh\u00e2n v\u00e0 qu\u1ef9 gia \u0111\u00ecnh \u0111\u00f3ng vai tr\u00f2 l\u00e0 h\u1ea1t nh\u00e2n c\u1ee7a t\u1ed5 ch\u1ee9c. Ngay c\u1ea3 khi ch\u00fang t\u00f4i \u0111\u01b0\u1ee3c c\u1ea5p c\u00e1c ngu\u1ed3n vi\u1ec7n tr\u1ee3 t\u1eeb c\u00e1c t\u1ed5 ch\u1ee9c ch\u00ednh ph\u1ee7 th\u00ec ch\u00fang t\u00f4i v\u1eabn c\u1ea7n ph\u1ea3i c\u00f3 m\u1ed9t s\u1ed1 v\u1ed1n \u0111\u1ed1i \u1ee9ng nh\u1ea5t \u0111\u1ecbnh. V\u1edbi s\u1ef1 \u0111\u00f3ng g\u00f3p t\u00e0i ch\u00ednh v\u00e0 s\u1ef1 tin t\u01b0\u1edfng c\u1ee7a c\u00e1c nh\u00e0 t\u00e0i tr\u1ee3 c\u00e1 nh\u00e2n, ch\u00fang t\u00f4i c\u00f3 th\u1ec3 ti\u1ebfp t\u1ee5c s\u1ef1 nghi\u1ec7p c\u1ee7a m\u00ecnh trong vi\u1ec7c t\u1ea1o ra nh\u1eefng thay \u0111\u1ed5i t\u00edch c\u1ef1c cho \u0111\u1eddi s\u1ed1ng c\u1ee7a nh\u1eefng ng\u01b0\u1eddi d\u00e2n thi\u1ec7t th\u00f2i. [\/vc_column_text][\/vc_column][vc_column width=&#8221;1\/6&#8243;][\/vc_column][\/vc_row]<\/p>\n","protected":false},"author":15,"featured_media":1109406,"parent":1251,"menu_order":111,"comment_status":"closed","ping_status":"closed","template":"","meta":{"_acf_changed":false,"inline_featured_image":false,"footnotes":""},"class_list":["post-1242","page","type-page","status-publish","has-post-thumbnail","hentry"],"acf":[],"_links":{"self":[{"href":"https:\/\/mcnv.org\/vi\/wp-json\/wp\/v2\/pages\/1242","targetHints":{"allow":["GET"]}}],"collection":[{"href":"https:\/\/mcnv.org\/vi\/wp-json\/wp\/v2\/pages"}],"about":[{"href":"https:\/\/mcnv.org\/vi\/wp-json\/wp\/v2\/types\/page"}],"author":[{"embeddable":true,"href":"https:\/\/mcnv.org\/vi\/wp-json\/wp\/v2\/users\/15"}],"replies":[{"embeddable":true,"href":"https:\/\/mcnv.org\/vi\/wp-json\/wp\/v2\/comments?post=1242"}],"version-history":[{"count":1,"href":"https:\/\/mcnv.org\/vi\/wp-json\/wp\/v2\/pages\/1242\/revisions"}],"predecessor-version":[{"id":1109746,"href":"https:\/\/mcnv.org\/vi\/wp-json\/wp\/v2\/pages\/1242\/revisions\/1109746"}],"up":[{"embeddable":true,"href":"https:\/\/mcnv.org\/vi\/wp-json\/wp\/v2\/pages\/1251"}],"wp:featuredmedia":[{"embeddable":true,"href":"https:\/\/mcnv.org\/vi\/wp-json\/wp\/v2\/media\/1109406"}],"wp:attachment":[{"href":"https:\/\/mcnv.org\/vi\/wp-json\/wp\/v2\/media?parent=1242"}],"curies":[{"name":"wp","href":"https:\/\/api.w.org\/{rel}","templated":true}]}}