{"id":1243,"date":"2019-07-30T18:33:24","date_gmt":"2019-07-30T18:33:24","guid":{"rendered":"https:\/\/mcnv.orgvi-what-you-can-do-campaigns\/"},"modified":"2019-11-07T19:11:53","modified_gmt":"2019-11-07T19:11:53","slug":"what-you-can-do-campaigns","status":"publish","type":"page","link":"https:\/\/mcnv.org\/vi\/vi-what-you-can-do\/what-you-can-do-campaigns\/","title":{"rendered":"C\u00e1c ho\u1ea1t \u0111\u1ed9ng g\u00e2y qu\u1ef9"},"content":{"rendered":"<div class=\"wpb-content-wrapper\"><p>[vc_row][vc_column][vc_column_text]Trong su\u1ed1t 48 n\u0103m k\u1ec3 t\u1eeb ng\u00e0y t\u1ed5 ch\u1ee9c MCNV \u0111\u01b0\u1ee3c th\u00e0nh l\u1eadp, ch\u00fang t\u00f4i lu\u00f4n nh\u1eadn \u0111\u01b0\u1ee3c s\u1ef1 \u0111\u00f3ng g\u00f3p h\u1ea3o t\u00e2m t\u1eeb c\u00e1c nh\u00e0 t\u00e0i tr\u1ee3 c\u00e1 nh\u00e2n \u1edf H\u00e0 Lan \u0111\u1ec3 c\u00f3 th\u1ec3 th\u1ef1c hi\u1ec7n nh\u1eefng d\u1ef1 \u00e1n v\u00e0 ch\u01b0\u01a1ng tr\u00ecnh \u1edf Vi\u1ec7t Nam. Cho \u0111\u1ebfn ng\u00e0y nay MCNV v\u1eabn c\u00f2n c\u00f3 kho\u1ea3ng 5,500 nh\u00e0 t\u00e0i tr\u1ee3 c\u00e1 nh\u00e2n, nh\u01b0ng m\u1ea1ng l\u01b0\u1edbi c\u00e1c nh\u00e0 h\u1ea3o t\u00e2m v\u00e0 t\u1eadn tu\u1ef5 \u0111ang gi\u1ea3m d\u1ea7n khi h\u1ecd gi\u00e0 \u0111i.<\/p>\n<p>M\u1ed9t gi\u1ea3i ph\u00e1p c\u00f3 th\u1ec3 b\u00f9 \u0111\u1eafp v\u00e0o s\u1ef1 thi\u1ebfu h\u1ee5t c\u1ee7a nh\u1eefng nh\u00e0 t\u00e0i tr\u1ee3 c\u00e1 nh\u00e2n l\u00e0 huy \u0111\u1ed9ng th\u00eam nh\u1eefng ngu\u1ed3n qu\u1ef9 t\u1eeb c\u00e1c t\u1ed5 ch\u1ee9c t\u00e0i tr\u1ee3 qu\u1ed1c t\u1ebf, c\u00e1c qu\u1ef9 gia \u0111\u00ecnh \u1edf H\u00e0 Lan. K\u1ec3 t\u1eeb n\u0103m 2010, ch\u00fang t\u00f4i \u0111\u00e3 \u0111\u01b0a ra c\u00e1c s\u00e1ng ki\u1ebfn \u0111\u1ec3 k\u00eau g\u1ecdi s\u1ef1 \u0111\u00f3ng g\u00f3p t\u1eeb c\u00e1c c\u00e1 nh\u00e2n, t\u1ed5 ch\u1ee9c v\u00e0 doanh nghi\u1ec7p \u1edf Vi\u1ec7t Nam th\u00f4ng qua c\u00e1c s\u1ef1 ki\u1ec7n g\u00e2y qu\u1ef9 \u1edf nh\u1eefng t\u1ec9nh m\u00e0 MCNV \u0111ang tri\u1ec3n khai c\u00e1c d\u1ef1 \u00e1n. MCNV c\u0169ng h\u1ee3p t\u00e1c v\u1edbi c\u00e1c doanh nghi\u1ec7p \u1edf Vi\u1ec7t Nam tri\u1ec3n khai c\u00e1c ch\u01b0\u01a1ng tr\u00ecnh tr\u00e1ch nhi\u1ec7m x\u00e3 h\u1ed9i c\u1ee7a doanh nghi\u1ec7p ph\u00f9 h\u1ee3p v\u1edbi ti\u00eau ch\u00ed c\u1ee7a t\u1ed5 ch\u1ee9c.<\/p>\n<p>&nbsp;<\/p>\n<div class='container-fluid rt-tpg-container' id='rt-tpg-container-910910026'><div class='row isotope1 tpg-isotope'><style type='text\/css' media='all'>#rt-tpg-container-910910026 .rt-detail i,#rt-tpg-container-910910026 .rt-detail .post-meta-user a,#rt-tpg-container-910910026 .rt-detail .post-meta-category a{color:#0367bf;}body .rt-tpg-container .rt-tpg-isotope-buttons .selected{background-color:#0367bf;}#rt-tpg-container-910910026 .rt-detail .read-more{border: 1px solid #0367bf;}<\/style><div id=\"iso-button-910910026\" class=\"rt-tpg-isotope-buttons button-group filter-button-group option-set\">\n\t\t\t\t\t\t\t\t\t\t\t<button data-filter=\"*\" class=\"selected\">Hi\u1ec3n th\u1ecb t\u1ea5t c\u1ea3<\/button><button data-filter='.cac-chien-dich-dang-dien-ra'>C\u00e1c chi\u1ebfn d\u1ecbch \u0111ang di\u1ec5n ra<\/button><button data-filter='.cac-chuong-trinh-gay-guy-truoc-day'>C\u00e1c ch\u01b0\u01a1ng tr\u00ecnh g\u00e2y qu\u1ef9 tr\u01b0\u1edbc \u0111\u00e2y<\/button><\/div><div class=\"rt-tpg-isotope\" id=\"iso-tpg-910910026\"><div class='rt-col-xs-12 rt-col-sm-4 rt-col-md-4 rt-col-lg-4 equal-height isotope-item  cac-chuong-trinh-gay-guy-truoc-day'><div class=\"rt-holder\"><div class=\"rt-img-holder\"><div class=\"overlay\"><a class='view-details' href='https:\/\/mcnv.org\/vi\/campaigns-previous-campaigns-support-the-people-in-quang-tri\/'>\n                            <i class='fa fa-info'><\/i>\n                        <\/a><\/div><a href='https:\/\/mcnv.org\/vi\/campaigns-previous-campaigns-support-the-people-in-quang-tri\/' style='background-image:url()'><\/a><\/div> <div class=\"rt-detail\"><h2 class='entry-title'><a href='https:\/\/mcnv.org\/vi\/campaigns-previous-campaigns-support-the-people-in-quang-tri\/'>Support the people in Quang Tri<\/a><\/h2><div class='post-meta-user'><span class='date'><i class='fa fa-calendar'><\/i>30th July 2019<\/span><span class='categories-links'><i class='fa fa-folder-open-o'><\/i><a href=\"https:\/\/mcnv.org\/vi\/category\/chien-dich-gay-quy\/cac-chuong-trinh-gay-guy-truoc-day\/\" rel=\"tag\">C\u00e1c ch\u01b0\u01a1ng tr\u00ecnh g\u00e2y qu\u1ef9 tr\u01b0\u1edbc \u0111\u00e2y<\/a><\/span><\/div><div class='post-content'>A heartfelt cry from MCNV office Central Vietnam &#8211; We will not abandon the people in Quang Tri ! From the very beginning the work of MCNV in Quang Tri Province is made possible by contributions from the donors in the Netherlands. Six years ago, we managed to get a generous subsidy which enable<\/div><span class='read-more'><a href='https:\/\/mcnv.org\/vi\/campaigns-previous-campaigns-support-the-people-in-quang-tri\/'>.. \u0110\u1ecdc th\u00eam ..<\/a><\/span><\/div><\/div><\/div><div class='rt-col-xs-12 rt-col-sm-4 rt-col-md-4 rt-col-lg-4 equal-height isotope-item  cac-chuong-trinh-gay-guy-truoc-day'><div class=\"rt-holder\"><div class=\"rt-img-holder\"><div class=\"overlay\"><a class='view-details' href='https:\/\/mcnv.org\/vi\/vi-previous-campaigns-vi-support-the-worker-bees-of-vietnam\/'>\n                            <i class='fa fa-info'><\/i>\n                        <\/a><\/div><a href='https:\/\/mcnv.org\/vi\/vi-previous-campaigns-vi-support-the-worker-bees-of-vietnam\/' style='background-image:url()'><\/a><\/div> <div class=\"rt-detail\"><h2 class='entry-title'><a href='https:\/\/mcnv.org\/vi\/vi-previous-campaigns-vi-support-the-worker-bees-of-vietnam\/'>H\u1ed7 tr\u1ee3 ph\u1ee5 n\u1eef ngh\u00e8o \u1edf Vi\u1ec7t Nam<\/a><\/h2><div class='post-meta-user'><span class='date'><i class='fa fa-calendar'><\/i>30th July 2019<\/span><span class='categories-links'><i class='fa fa-folder-open-o'><\/i><a href=\"https:\/\/mcnv.org\/vi\/category\/chien-dich-gay-quy\/cac-chuong-trinh-gay-guy-truoc-day\/\" rel=\"tag\">C\u00e1c ch\u01b0\u01a1ng tr\u00ecnh g\u00e2y qu\u1ef9 tr\u01b0\u1edbc \u0111\u00e2y<\/a><\/span><\/div><div class='post-content'>Ph\u1ee5 n\u1eef Vi\u1ec7t Nam tr\u00ean t\u1ea5t c\u1ea3 c\u00e1c v\u00f9ng mi\u1ec1n th\u01b0\u1eddng ph\u1ea3i l\u00e0m vi\u1ec7c r\u1ea5t v\u1ea5t v\u1ea3. H\u1ecd l\u00e0m vi\u1ec7c \u0111\u1ed3ng \u00e1ng, trong c\u00e1c c\u1eeda hi\u1ec7u, nh\u00e0 h\u00e0ng, h\u1ecd l\u1ea7m l\u0169i qu\u00e9t d\u1ecdn \u0111\u1ebfn t\u1eadn t\u1ed1i khuya tr\u00ean c\u00e1c con ph\u1ed1 \u1edf H\u00e0 N\u1ed9i v\u00e0 th\u00e0nh ph\u1ed1 H\u1ed3 Ch\u00ed Minh. H\u1ecd l?<\/div><span class='read-more'><a href='https:\/\/mcnv.org\/vi\/vi-previous-campaigns-vi-support-the-worker-bees-of-vietnam\/'>.. \u0110\u1ecdc th\u00eam ..<\/a><\/span><\/div><\/div><\/div><div class='rt-col-xs-12 rt-col-sm-4 rt-col-md-4 rt-col-lg-4 equal-height isotope-item  cac-chuong-trinh-gay-guy-truoc-day'><div class=\"rt-holder\"><div class=\"rt-img-holder\"><div class=\"overlay\"><a class='view-details' href='https:\/\/mcnv.org\/vi\/vi-previous-campaigns-vi-orphans-in-ha-long\/'>\n                            <i class='fa fa-info'><\/i>\n                        <\/a><\/div><a href='https:\/\/mcnv.org\/vi\/vi-previous-campaigns-vi-orphans-in-ha-long\/' style='background-image:url()'><\/a><\/div> <div class=\"rt-detail\"><h2 class='entry-title'><a href='https:\/\/mcnv.org\/vi\/vi-previous-campaigns-vi-orphans-in-ha-long\/'>H\u1ed7 tr\u1ee3 tr\u1ebb m\u1ed3 c\u00f4i \u1edf H\u1ea1 Long, Qu\u1ea3ng Ninh<\/a><\/h2><div class='post-meta-user'><span class='date'><i class='fa fa-calendar'><\/i>30th July 2019<\/span><span class='categories-links'><i class='fa fa-folder-open-o'><\/i><a href=\"https:\/\/mcnv.org\/vi\/category\/chien-dich-gay-quy\/cac-chuong-trinh-gay-guy-truoc-day\/\" rel=\"tag\">C\u00e1c ch\u01b0\u01a1ng tr\u00ecnh g\u00e2y qu\u1ef9 tr\u01b0\u1edbc \u0111\u00e2y<\/a><\/span><\/div><div class='post-content'>Ch\u01b0\u01a1ng tr\u00ecnh G\u00e2y qu\u1ef9 d\u1ecbp Gi\u00e1ng Sinh: B\u1ea3n tin MCNV 2015-04\u00a0(b\u1eb1ng ti\u1ebfng H\u00e0 Lan) Ch\u01b0\u01a1ng tr\u00ecnh g\u00e2y qu\u1ef9 d\u1ecbp Gi\u00e1ng sinh n\u00e0y d\u00e0nh t\u1eb7ng cho nh\u1eefng \u00f4ng b\u00e0 \u1edf th\u00e0nh ph\u1ed1 H\u1ea1 Long \u0111ang h\u00e0ng ng\u00e0y ph\u1ea3i ch\u0103m s\u00f3c ch\u00e1u c\u1ee7a m\u00ecnh b\u1edfi b\u1ed1 m\u1eb9 c\u00e1c ch\u00e1u \u0111\u00e3 m\u1ea5t v?<\/div><span class='read-more'><a href='https:\/\/mcnv.org\/vi\/vi-previous-campaigns-vi-orphans-in-ha-long\/'>.. \u0110\u1ecdc th\u00eam ..<\/a><\/span><\/div><\/div><\/div><div class='rt-col-xs-12 rt-col-sm-4 rt-col-md-4 rt-col-lg-4 equal-height isotope-item  cac-chuong-trinh-gay-guy-truoc-day'><div class=\"rt-holder\"><div class=\"rt-img-holder\"><div class=\"overlay\"><a class='view-details' href='https:\/\/mcnv.org\/vi\/vi-previous-campaigns-vi-people-with-a-mental-illness-in-quang-tri-2\/'>\n                            <i class='fa fa-info'><\/i>\n                        <\/a><\/div><a href='https:\/\/mcnv.org\/vi\/vi-previous-campaigns-vi-people-with-a-mental-illness-in-quang-tri-2\/' style='background-image:url()'><\/a><\/div> <div class=\"rt-detail\"><h2 class='entry-title'><a href='https:\/\/mcnv.org\/vi\/vi-previous-campaigns-vi-people-with-a-mental-illness-in-quang-tri-2\/'>H\u1ed7 tr\u1ee3 v\u1ec1 s\u1ee9c kh\u1ecfe t\u00e2m th\u1ea7n \u1edf Qu\u1ea3ng Tr\u1ecb<\/a><\/h2><div class='post-meta-user'><span class='date'><i class='fa fa-calendar'><\/i>30th July 2019<\/span><span class='categories-links'><i class='fa fa-folder-open-o'><\/i><a href=\"https:\/\/mcnv.org\/vi\/category\/chien-dich-gay-quy\/cac-chuong-trinh-gay-guy-truoc-day\/\" rel=\"tag\">C\u00e1c ch\u01b0\u01a1ng tr\u00ecnh g\u00e2y qu\u1ef9 tr\u01b0\u1edbc \u0111\u00e2y<\/a><\/span><\/div><div class='post-content'>Ch\u01b0\u01a1ng tr\u00ecnh g\u00e2y qu\u1ef9 m\u00f9a Xu\u00e2n: \u00a0B\u1ea3n tin MCNV 2016-01\u00a0(ti\u1ebfng H\u00e0 Lan) V\u00e0o \u0111\u1ea7u n\u0103m 2016, MCNV \u0111\u00e3 k\u00eau g\u1ecdi s\u1ef1 \u0111\u00f3ng g\u00f3p \u0111\u1ec3 h\u1ed7 tr\u1ee3 cho ng\u01b0\u1eddi c\u00f3 v\u1ea5n \u0111\u1ec1 s\u1ee9c kh\u1ecfe t\u00e2m th\u1ea7n nh\u01b0 Ken, m\u1ed9t thanh ni\u00ean tr\u1ebb \u0111\u00e3 ph\u1ea3i s\u1ed1ng trong c\u0169i g\u1ed7 su\u1ed1t nhi\u1ec1u n<\/div><span class='read-more'><a href='https:\/\/mcnv.org\/vi\/vi-previous-campaigns-vi-people-with-a-mental-illness-in-quang-tri-2\/'>.. \u0110\u1ecdc th\u00eam ..<\/a><\/span><\/div><\/div><\/div><div class='rt-col-xs-12 rt-col-sm-4 rt-col-md-4 rt-col-lg-4 equal-height isotope-item  cac-chuong-trinh-gay-guy-truoc-day'><div class=\"rt-holder\"><div class=\"rt-img-holder\"><div class=\"overlay\"><a class='view-details' href='https:\/\/mcnv.org\/vi\/vi-previous-campaigns-vi-occupational-therapy-for-disabled-people\/'>\n                            <i class='fa fa-info'><\/i>\n                        <\/a><\/div><a href='https:\/\/mcnv.org\/vi\/vi-previous-campaigns-vi-occupational-therapy-for-disabled-people\/' style='background-image:url()'><\/a><\/div> <div class=\"rt-detail\"><h2 class='entry-title'><a href='https:\/\/mcnv.org\/vi\/vi-previous-campaigns-vi-occupational-therapy-for-disabled-people\/'>Ho\u1ea1t \u0111\u1ed9ng tr\u1ecb li\u1ec7u cho ng\u01b0\u1eddi khuy\u1ebft t\u1eadt<\/a><\/h2><div class='post-meta-user'><span class='date'><i class='fa fa-calendar'><\/i>30th July 2019<\/span><span class='categories-links'><i class='fa fa-folder-open-o'><\/i><a href=\"https:\/\/mcnv.org\/vi\/category\/chien-dich-gay-quy\/cac-chuong-trinh-gay-guy-truoc-day\/\" rel=\"tag\">C\u00e1c ch\u01b0\u01a1ng tr\u00ecnh g\u00e2y qu\u1ef9 tr\u01b0\u1edbc \u0111\u00e2y<\/a><\/span><\/div><div class='post-content'>G\u00e2y qu\u1ef9 m\u00f9a thu: B\u1ea3n tin MCNV 2016-03\u00a0(ti\u1ebfng H\u00e0 Lan) Trong b\u1ea3n tin m\u00f9a Thu 2016 n\u00e0y, ch\u00fang t\u00f4i k\u00eau g\u1ecdi s\u1ef1 \u0111\u00f3ng g\u00f3p c\u1ee7a c\u00e1c qu\u00fd v\u1ecb \u0111\u1ec3 x\u00e2y d\u1ef1ng m\u1ed9t ch\u01b0\u01a1ng tr\u00ecnh \u0111\u00e0o t\u1ea1o chuy\u00ean nghi\u1ec7p cho nh\u1eefng chuy\u00ean gia ho\u1ea1t \u0111\u1ed9ng tr\u1ecb li\u1ec7u \u1edf Vi\u1ec7t Nam.\u00a0<\/div><span class='read-more'><a href='https:\/\/mcnv.org\/vi\/vi-previous-campaigns-vi-occupational-therapy-for-disabled-people\/'>.. \u0110\u1ecdc th\u00eam ..<\/a><\/span><\/div><\/div><\/div><\/div><\/div><\/div>[\/vc_column_text][\/vc_column][\/vc_row][vc_row full_width=&#8221;stretch_row&#8221; content_placement=&#8221;middle&#8221;][vc_column width=&#8221;1\/3&#8243;][\/vc_column][vc_column width=&#8221;1\/3&#8243; el_class=&#8221;featured-link&#8221;][vc_column_text][donate][\/vc_column_text][\/vc_column][vc_column width=&#8221;1\/3&#8243;][\/vc_column][\/vc_row]<\/p>\n<\/div>","protected":false},"excerpt":{"rendered":"<p>[vc_row][vc_column][vc_column_text]Trong su\u1ed1t 48 n\u0103m k\u1ec3 t\u1eeb ng\u00e0y t\u1ed5 ch\u1ee9c MCNV \u0111\u01b0\u1ee3c th\u00e0nh l\u1eadp, ch\u00fang t\u00f4i lu\u00f4n nh\u1eadn \u0111\u01b0\u1ee3c s\u1ef1 \u0111\u00f3ng g\u00f3p h\u1ea3o t\u00e2m t\u1eeb c\u00e1c nh\u00e0 t\u00e0i tr\u1ee3 c\u00e1 nh\u00e2n \u1edf H\u00e0 Lan \u0111\u1ec3 c\u00f3 th\u1ec3 th\u1ef1c hi\u1ec7n nh\u1eefng d\u1ef1 \u00e1n v\u00e0 ch\u01b0\u01a1ng tr\u00ecnh \u1edf Vi\u1ec7t Nam. Cho \u0111\u1ebfn ng\u00e0y nay MCNV v\u1eabn c\u00f2n c\u00f3 kho\u1ea3ng 5,500 nh\u00e0 t\u00e0i tr\u1ee3 c\u00e1 nh\u00e2n, nh\u01b0ng m\u1ea1ng l\u01b0\u1edbi c\u00e1c nh\u00e0 h\u1ea3o t\u00e2m v\u00e0 t\u1eadn tu\u1ef5 \u0111ang gi\u1ea3m d\u1ea7n khi h\u1ecd gi\u00e0 \u0111i. M\u1ed9t gi\u1ea3i ph\u00e1p c\u00f3 th\u1ec3 b\u00f9 \u0111\u1eafp v\u00e0o s\u1ef1 thi\u1ebfu h\u1ee5t c\u1ee7a nh\u1eefng nh\u00e0 t\u00e0i tr\u1ee3 c\u00e1 nh\u00e2n l\u00e0 huy \u0111\u1ed9ng th\u00eam nh\u1eefng ngu\u1ed3n qu\u1ef9 t\u1eeb c\u00e1c t\u1ed5 ch\u1ee9c t\u00e0i tr\u1ee3 qu\u1ed1c t\u1ebf, c\u00e1c qu\u1ef9 gia \u0111\u00ecnh \u1edf H\u00e0 Lan. K\u1ec3 t\u1eeb n\u0103m 2010, ch\u00fang t\u00f4i \u0111\u00e3 \u0111\u01b0a ra c\u00e1c s\u00e1ng ki\u1ebfn \u0111\u1ec3 k\u00eau g\u1ecdi s\u1ef1 \u0111\u00f3ng g\u00f3p t\u1eeb c\u00e1c c\u00e1 nh\u00e2n, t\u1ed5 ch\u1ee9c v\u00e0 doanh nghi\u1ec7p \u1edf Vi\u1ec7t Nam th\u00f4ng qua c\u00e1c s\u1ef1 ki\u1ec7n g\u00e2y qu\u1ef9 \u1edf nh\u1eefng t\u1ec9nh m\u00e0 MCNV \u0111ang tri\u1ec3n khai c\u00e1c d\u1ef1 \u00e1n. MCNV c\u0169ng h\u1ee3p t\u00e1c v\u1edbi c\u00e1c doanh nghi\u1ec7p \u1edf Vi\u1ec7t Nam tri\u1ec3n khai c\u00e1c ch\u01b0\u01a1ng tr\u00ecnh tr\u00e1ch nhi\u1ec7m x\u00e3 h\u1ed9i c\u1ee7a doanh nghi\u1ec7p ph\u00f9 h\u1ee3p v\u1edbi ti\u00eau ch\u00ed c\u1ee7a t\u1ed5 ch\u1ee9c. &nbsp; [\/vc_column_text][\/vc_column][\/vc_row][vc_row full_width=&#8221;stretch_row&#8221; content_placement=&#8221;middle&#8221;][vc_column width=&#8221;1\/3&#8243;][\/vc_column][vc_column width=&#8221;1\/3&#8243; el_class=&#8221;featured-link&#8221;][vc_column_text][donate][\/vc_column_text][\/vc_column][vc_column width=&#8221;1\/3&#8243;][\/vc_column][\/vc_row]<\/p>\n","protected":false},"author":15,"featured_media":1109402,"parent":1251,"menu_order":8,"comment_status":"closed","ping_status":"closed","template":"","meta":{"_acf_changed":false,"inline_featured_image":false,"footnotes":""},"class_list":["post-1243","page","type-page","status-publish","has-post-thumbnail","hentry"],"acf":[],"_links":{"self":[{"href":"https:\/\/mcnv.org\/vi\/wp-json\/wp\/v2\/pages\/1243","targetHints":{"allow":["GET"]}}],"collection":[{"href":"https:\/\/mcnv.org\/vi\/wp-json\/wp\/v2\/pages"}],"about":[{"href":"https:\/\/mcnv.org\/vi\/wp-json\/wp\/v2\/types\/page"}],"author":[{"embeddable":true,"href":"https:\/\/mcnv.org\/vi\/wp-json\/wp\/v2\/users\/15"}],"replies":[{"embeddable":true,"href":"https:\/\/mcnv.org\/vi\/wp-json\/wp\/v2\/comments?post=1243"}],"version-history":[{"count":4,"href":"https:\/\/mcnv.org\/vi\/wp-json\/wp\/v2\/pages\/1243\/revisions"}],"predecessor-version":[{"id":1117010,"href":"https:\/\/mcnv.org\/vi\/wp-json\/wp\/v2\/pages\/1243\/revisions\/1117010"}],"up":[{"embeddable":true,"href":"https:\/\/mcnv.org\/vi\/wp-json\/wp\/v2\/pages\/1251"}],"wp:featuredmedia":[{"embeddable":true,"href":"https:\/\/mcnv.org\/vi\/wp-json\/wp\/v2\/media\/1109402"}],"wp:attachment":[{"href":"https:\/\/mcnv.org\/vi\/wp-json\/wp\/v2\/media?parent=1243"}],"curies":[{"name":"wp","href":"https:\/\/api.w.org\/{rel}","templated":true}]}}