{"id":1251,"date":"2019-07-30T18:33:24","date_gmt":"2019-07-30T18:33:24","guid":{"rendered":"https:\/\/mcnv.orgvi-what-you-can-do\/"},"modified":"2019-11-07T19:03:57","modified_gmt":"2019-11-07T19:03:57","slug":"vi-what-you-can-do","status":"publish","type":"page","link":"https:\/\/mcnv.org\/vi\/vi-what-you-can-do\/","title":{"rendered":"CHUNG TAY C\u00d9NG MCNV"},"content":{"rendered":"<div class=\"wpb-content-wrapper\"><p>[vc_row][vc_column][vc_column_text]<div class='container-fluid rt-tpg-container' id='rt-tpg-container-495211902'><div class='row layout1'><style type='text\/css' media='all'>#rt-tpg-container-495211902 .rt-detail i,#rt-tpg-container-495211902 .rt-detail .post-meta-user a,#rt-tpg-container-495211902 .rt-detail .post-meta-category a{color:#0367bf;}body .rt-tpg-container .rt-tpg-isotope-buttons .selected{background-color:#0367bf;}#rt-tpg-container-495211902 .rt-detail .read-more{border: 1px solid #0367bf;}<\/style><div class='rt-col-xs-12 rt-col-sm-3 rt-col-md-3 rt-col-lg-3 equal-height'><div class=\"rt-holder\"><div class=\"rt-img-holder\"><div class=\"overlay\"><a class='view-details' href='https:\/\/mcnv.org\/vi\/vi-what-you-can-do\/what-you-can-do-become-a-private-donor\/'>\n                            <i class='fa fa-info'><\/i>\n                        <\/a><\/div><a href='https:\/\/mcnv.org\/vi\/vi-what-you-can-do\/what-you-can-do-become-a-private-donor\/' style='background-image:url(https:\/\/mcnv.org\/wp-content\/uploads\/2016\/06\/DSC00024-600x400.jpg)'><\/a><\/div> <div class=\"rt-detail\"><h2 class='entry-title'><a href='https:\/\/mcnv.org\/vi\/vi-what-you-can-do\/what-you-can-do-become-a-private-donor\/'>Tr\u1edf th\u00e0nh nh\u00e0 t\u00e0i tr\u1ee3 c\u00e1 nh\u00e2n<\/a><\/h2><\/div><\/div><\/div><div class='rt-col-xs-12 rt-col-sm-3 rt-col-md-3 rt-col-lg-3 equal-height'><div class=\"rt-holder\"><div class=\"rt-img-holder\"><div class=\"overlay\"><a class='view-details' href='https:\/\/mcnv.org\/vi\/vi-what-you-can-do\/what-you-can-do-become-a-corporate-donor\/'>\n                            <i class='fa fa-info'><\/i>\n                        <\/a><\/div><a href='https:\/\/mcnv.org\/vi\/vi-what-you-can-do\/what-you-can-do-become-a-corporate-donor\/' style='background-image:url(https:\/\/mcnv.org\/wp-content\/uploads\/2016\/06\/IMG_0125-600x400.jpg)'><\/a><\/div> <div class=\"rt-detail\"><h2 class='entry-title'><a href='https:\/\/mcnv.org\/vi\/vi-what-you-can-do\/what-you-can-do-become-a-corporate-donor\/'>Tr\u1edf th\u00e0nh doanh nghi\u1ec7p t\u00e0i tr\u1ee3<\/a><\/h2><\/div><\/div><\/div><div class='rt-col-xs-12 rt-col-sm-3 rt-col-md-3 rt-col-lg-3 equal-height'><div class=\"rt-holder\"><div class=\"rt-img-holder\"><div class=\"overlay\"><a class='view-details' href='https:\/\/mcnv.org\/vi\/vi-what-you-can-do\/what-you-can-do-donate\/'>\n                            <i class='fa fa-info'><\/i>\n                        <\/a><\/div><a href='https:\/\/mcnv.org\/vi\/vi-what-you-can-do\/what-you-can-do-donate\/' style='background-image:url(https:\/\/mcnv.org\/wp-content\/uploads\/2016\/06\/IMG_1010-600x400.jpg)'><\/a><\/div> <div class=\"rt-detail\"><h2 class='entry-title'><a href='https:\/\/mcnv.org\/vi\/vi-what-you-can-do\/what-you-can-do-donate\/'>\u0110\u00f3ng g\u00f3p<\/a><\/h2><\/div><\/div><\/div><div class='rt-col-xs-12 rt-col-sm-3 rt-col-md-3 rt-col-lg-3 equal-height'><div class=\"rt-holder\"><div class=\"rt-img-holder\"><div class=\"overlay\"><a class='view-details' href='https:\/\/mcnv.org\/vi\/vi-what-you-can-do\/what-you-can-do-campaigns\/'>\n                            <i class='fa fa-info'><\/i>\n                        <\/a><\/div><a href='https:\/\/mcnv.org\/vi\/vi-what-you-can-do\/what-you-can-do-campaigns\/' style='background-image:url(https:\/\/mcnv.org\/wp-content\/uploads\/2016\/03\/dames-cover-dec-600x400.jpg)'><\/a><\/div> <div class=\"rt-detail\"><h2 class='entry-title'><a href='https:\/\/mcnv.org\/vi\/vi-what-you-can-do\/what-you-can-do-campaigns\/'>C\u00e1c ho\u1ea1t \u0111\u1ed9ng g\u00e2y qu\u1ef9<\/a><\/h2><\/div><\/div><\/div><\/div><\/div>[\/vc_column_text][\/vc_column][\/vc_row]<\/p>\n<\/div>","protected":false},"excerpt":{"rendered":"<p>[vc_row][vc_column][vc_column_text][\/vc_column_text][\/vc_column][\/vc_row]<\/p>\n","protected":false},"author":15,"featured_media":0,"parent":0,"menu_order":11,"comment_status":"closed","ping_status":"closed","template":"","meta":{"_acf_changed":false,"inline_featured_image":false,"footnotes":""},"class_list":["post-1251","page","type-page","status-publish","hentry"],"acf":[],"_links":{"self":[{"href":"https:\/\/mcnv.org\/vi\/wp-json\/wp\/v2\/pages\/1251","targetHints":{"allow":["GET"]}}],"collection":[{"href":"https:\/\/mcnv.org\/vi\/wp-json\/wp\/v2\/pages"}],"about":[{"href":"https:\/\/mcnv.org\/vi\/wp-json\/wp\/v2\/types\/page"}],"author":[{"embeddable":true,"href":"https:\/\/mcnv.org\/vi\/wp-json\/wp\/v2\/users\/15"}],"replies":[{"embeddable":true,"href":"https:\/\/mcnv.org\/vi\/wp-json\/wp\/v2\/comments?post=1251"}],"version-history":[{"count":2,"href":"https:\/\/mcnv.org\/vi\/wp-json\/wp\/v2\/pages\/1251\/revisions"}],"predecessor-version":[{"id":1109777,"href":"https:\/\/mcnv.org\/vi\/wp-json\/wp\/v2\/pages\/1251\/revisions\/1109777"}],"wp:attachment":[{"href":"https:\/\/mcnv.org\/vi\/wp-json\/wp\/v2\/media?parent=1251"}],"curies":[{"name":"wp","href":"https:\/\/api.w.org\/{rel}","templated":true}]}}