{"id":1253,"date":"2019-07-30T18:33:24","date_gmt":"2019-07-30T18:33:24","guid":{"rendered":"https:\/\/mcnv.orgvi-contact-us\/"},"modified":"2026-04-03T03:16:02","modified_gmt":"2026-04-03T03:16:02","slug":"contact-us","status":"publish","type":"page","link":"https:\/\/mcnv.org\/vi\/contact-us\/","title":{"rendered":"LI\u00caN H\u1ec6"},"content":{"rendered":"<div class=\"wpb-content-wrapper\"><p>[vc_row equal_height=&#8221;yes&#8221;][vc_column width=&#8221;1\/3&#8243;][vc_column_text]<\/p>\n<h3>V\u0103n ph\u00f2ng Amsterdam<\/h3>\n<p>HJE Wenckebachweg 123<br \/>\n1096 AM Amsterdam<br \/>\nThe Netherlands<\/p>\n<p><i class=\"fa fa-phone\"><\/i> +31 (0)20 627 0411<\/p>\n<p><i class=\"fa fa-envelope-o\"><\/i> <a href=\"mailto:info@mcnv.nl\">info@mcnv.nl<\/a><\/p>\n<p>Th\u00f4ng tin \u1ee7ng h\u1ed9:<\/p>\n<p>ING bank<br \/>\nIBAN: NL16 INGB 0001 0904 00<br \/>\nBIC: INGBNL2A<\/p>\n<p>Triodos bank<br \/>\nIBAN: NL90 TRIO 0338 5367 60<br \/>\nBIC: TRIONL2U[\/vc_column_text][vc_column_text][\/vc_column_text][\/vc_column][vc_column width=&#8221;1\/3&#8243;][vc_column_text css=&#8221;&#8221;]<\/p>\n<h3>V\u0103n ph\u00f2ng H\u00e0 N\u1ed9i<\/h3>\n<p>Ph\u00f2ng 204, nh\u00e0 E4b<br \/>\nKhu Ngo\u1ea1i giao \u0111o\u00e0n Trung T\u1ef1, s\u1ed1 6 \u0110\u1eb7ng V\u0103n Ng\u1eef, ph\u01b0\u1eddng Kim Li\u00ean, TP.H\u00e0 N\u1ed9i<\/p>\n<p><i class=\"fa fa-phone\"><\/i>+84 (0) 24 3776 0655 (Tel &amp; Fax)<br \/>\n<i class=\"fa fa-envelope-o\"><\/i> <a href=\"mailto:mcnv@mcnv.vn\">mcnv@mcnv.vn<\/a>[\/vc_column_text][\/vc_column][vc_column width=&#8221;1\/3&#8243;][vc_column_text css=&#8221;&#8221;]<\/p>\n<h3>V\u0103n ph\u00f2ng Qu\u1ea3ng Tr\u1ecb<\/h3>\n<p>Khu ph\u1ed1 3<br \/>\nPh\u01b0\u1eddng \u0110\u00f4ng L\u01b0\u01a1ng<br \/>\nNam \u0110\u00f4ng H\u00e0, t\u1ec9nh Qu\u1ea3ng Tr\u1ecb<\/p>\n<p><i class=\"fa fa-phone\"><\/i>\u00a0+84 (0)23 3356 6229<\/p>\n<p>[\/vc_column_text][\/vc_column][\/vc_row][vc_row][vc_column][vc_separator][\/vc_column][\/vc_row][vc_row equal_height=&#8221;yes&#8221;][vc_column width=&#8221;1\/3&#8243;][vc_column_text css=&#8221;&#8221;]<\/p>\n<h3>V\u0103n ph\u00f2ng t\u1ea1i Vientiane (L\u00e0o)<\/h3>\n<p>Unit 13, Ban Nongbone, Saysettha District, Vientiane Municipality<\/p>\n<p>Tel: 030 5025087[\/vc_column_text][\/vc_column][vc_column width=&#8221;1\/3&#8243;][vc_column_text]<\/p>\n<h3>V\u0103n ph\u00f2ng d\u1ef1 \u00e1n t\u1ea1i Nong (L\u00e0o)<\/h3>\n<p>Nongvilay Village<br \/>\nUnit 25, Nong District<br \/>\nSavannakhet Province<br \/>\nLao PDR[\/vc_column_text][\/vc_column][vc_column width=&#8221;1\/3&#8243;][\/vc_column][\/vc_row][vc_row][vc_column][vc_separator][\/vc_column][\/vc_row][vc_row][vc_column][vc_column_text]<\/p>\n<h4>For our Privacy Policy please click <a href=\"https:\/\/mcnv.org\/wp-content\/uploads\/2020\/07\/MCNV-privacy-policy-English.pdf\" target=\"_blank\" rel=\"noopener\">here.<\/a><\/h4>\n<p>[\/vc_column_text][vc_column_text]<\/p>\n<h4>Do you have a question or complaint? Please let us know and use\u00a0the form below.<\/h4>\n<p>[\/vc_column_text][vc_raw_html]PGlmcmFtZSBjbGFzcz0iZ29vZ2xlRm9ybSBvcGVuIiBzdHlsZT0id2lkdGg6IDEwMCU7IGJvcmRlcjogbm9uZTsiIHNyYz0iaHR0cHM6Ly9kb2NzLmdvb2dsZS5jb20vZm9ybXMvZC8xQmpjZmxDQjlRSEFaeHNiekRoV0lQc1lSdnFhMDVTaFAwMVBxejF2UlpWay92aWV3Zm9ybT9lbWJlZGRlZD10cnVlI3N0YXJ0PWVtYmVkIj48L2lmcmFtZT4=[\/vc_raw_html][\/vc_column][vc_column][\/vc_column][\/vc_row]<\/p>\n<\/div>","protected":false},"excerpt":{"rendered":"<p>[vc_row equal_height=&#8221;yes&#8221;][vc_column width=&#8221;1\/3&#8243;][vc_column_text] V\u0103n ph\u00f2ng Amsterdam HJE Wenckebachweg 123 1096 AM Amsterdam The Netherlands +31 (0)20 627 0411 info@mcnv.nl Th\u00f4ng tin \u1ee7ng h\u1ed9: ING bank IBAN: NL16 INGB 0001 0904 00 BIC: INGBNL2A Triodos bank IBAN: NL90 TRIO 0338 5367 60 BIC: TRIONL2U[\/vc_column_text][vc_column_text][\/vc_column_text][\/vc_column][vc_column width=&#8221;1\/3&#8243;][vc_column_text css=&#8221;&#8221;] V\u0103n ph\u00f2ng H\u00e0 N\u1ed9i Ph\u00f2ng 204, nh\u00e0 E4b Khu Ngo\u1ea1i giao \u0111o\u00e0n Trung T\u1ef1, s\u1ed1 6 \u0110\u1eb7ng V\u0103n Ng\u1eef, ph\u01b0\u1eddng Kim Li\u00ean, TP.H\u00e0 N\u1ed9i +84 (0) 24 3776 0655 (Tel &amp; Fax) mcnv@mcnv.vn[\/vc_column_text][\/vc_column][vc_column width=&#8221;1\/3&#8243;][vc_column_text css=&#8221;&#8221;] V\u0103n ph\u00f2ng Qu\u1ea3ng Tr\u1ecb Khu ph\u1ed1 3 Ph\u01b0\u1eddng \u0110\u00f4ng L\u01b0\u01a1ng Nam \u0110\u00f4ng H\u00e0, t\u1ec9nh Qu\u1ea3ng Tr\u1ecb \u00a0+84 (0)23 3356 6229 [\/vc_column_text][\/vc_column][\/vc_row][vc_row][vc_column][vc_separator][\/vc_column][\/vc_row][vc_row equal_height=&#8221;yes&#8221;][vc_column width=&#8221;1\/3&#8243;][vc_column_text css=&#8221;&#8221;] V\u0103n ph\u00f2ng t\u1ea1i Vientiane (L\u00e0o) Unit 13, Ban Nongbone, Saysettha District, Vientiane Municipality Tel: 030 5025087[\/vc_column_text][\/vc_column][vc_column width=&#8221;1\/3&#8243;][vc_column_text] V\u0103n ph\u00f2ng d\u1ef1 \u00e1n t\u1ea1i Nong (L\u00e0o) Nongvilay Village Unit 25, Nong District Savannakhet Province Lao PDR[\/vc_column_text][\/vc_column][vc_column width=&#8221;1\/3&#8243;][\/vc_column][\/vc_row][vc_row][vc_column][vc_separator][\/vc_column][\/vc_row][vc_row][vc_column][vc_column_text] For our Privacy Policy please click here. [\/vc_column_text][vc_column_text] Do you have a question or complaint? Please let us know and use\u00a0the form below. [\/vc_column_text][vc_raw_html]PGlmcmFtZSBjbGFzcz0iZ29vZ2xlRm9ybSBvcGVuIiBzdHlsZT0id2lkdGg6IDEwMCU7IGJvcmRlcjogbm9uZTsiIHNyYz0iaHR0cHM6Ly9kb2NzLmdvb2dsZS5jb20vZm9ybXMvZC8xQmpjZmxDQjlRSEFaeHNiekRoV0lQc1lSdnFhMDVTaFAwMVBxejF2UlpWay92aWV3Zm9ybT9lbWJlZGRlZD10cnVlI3N0YXJ0PWVtYmVkIj48L2lmcmFtZT4=[\/vc_raw_html][\/vc_column][vc_column][\/vc_column][\/vc_row]<\/p>\n","protected":false},"author":15,"featured_media":0,"parent":0,"menu_order":14,"comment_status":"closed","ping_status":"closed","template":"","meta":{"_acf_changed":false,"inline_featured_image":false,"footnotes":""},"class_list":["post-1253","page","type-page","status-publish","hentry"],"acf":[],"_links":{"self":[{"href":"https:\/\/mcnv.org\/vi\/wp-json\/wp\/v2\/pages\/1253","targetHints":{"allow":["GET"]}}],"collection":[{"href":"https:\/\/mcnv.org\/vi\/wp-json\/wp\/v2\/pages"}],"about":[{"href":"https:\/\/mcnv.org\/vi\/wp-json\/wp\/v2\/types\/page"}],"author":[{"embeddable":true,"href":"https:\/\/mcnv.org\/vi\/wp-json\/wp\/v2\/users\/15"}],"replies":[{"embeddable":true,"href":"https:\/\/mcnv.org\/vi\/wp-json\/wp\/v2\/comments?post=1253"}],"version-history":[{"count":10,"href":"https:\/\/mcnv.org\/vi\/wp-json\/wp\/v2\/pages\/1253\/revisions"}],"predecessor-version":[{"id":1123109,"href":"https:\/\/mcnv.org\/vi\/wp-json\/wp\/v2\/pages\/1253\/revisions\/1123109"}],"wp:attachment":[{"href":"https:\/\/mcnv.org\/vi\/wp-json\/wp\/v2\/media?parent=1253"}],"curies":[{"name":"wp","href":"https:\/\/api.w.org\/{rel}","templated":true}]}}